{"id":12,"date":"2020-06-02T11:44:50","date_gmt":"2020-06-02T09:44:50","guid":{"rendered":"http:\/\/www.lebiseaufute.be\/?page_id=12"},"modified":"2020-07-30T22:27:14","modified_gmt":"2020-07-30T20:27:14","slug":"encadrement","status":"publish","type":"page","link":"https:\/\/www.lebiseaufute.be\/index.php\/encadrement\/","title":{"rendered":"Encadrement"},"content":{"rendered":"\n<div class=\"wp-block-cover alignfull\" style=\"background-image:url(http:\/\/www.lebiseaufute.be\/wp-content\/uploads\/2020\/07\/activit\u00e9-e1594630773868.jpg)\"><\/div>\n\n\n\n<p style=\"text-align:center\"> Quand la passion pour l\u2019encadrement cr\u00e9atif et pour la d\u00e9coration se rencontrent, cela rajeunit forc\u00e9ment ce m\u00e9tier vieux de plusieurs si\u00e8cles qui a \u00e9volu\u00e9 au fil du temps en int\u00e9grant nouveaux mat\u00e9riaux et nouvelles techniques. <\/p>\n\n\n\n<p style=\"text-align:center\"> Marier un papier traditionnel ou une \u00e9toffe somptueuse, \u00e0 une baguette de bois brut ou travaill\u00e9e, conduit \u00e0 encadrer de fa\u00e7on originale, toujours renouvel\u00e9e, en ayant recours \u00e0 diverses techniques ( biseau anglais, biseau fantaisie, passe-partout\u2026) afin d\u2019en faire un objet unique ! <\/p>\n\n\n\n<p style=\"text-align:center\"> Vos cartes postales et <a href=\"\/index.php\/realisations#gravures\">gravures<\/a> anciennes, vos<a href=\"\/index.php\/realisations#souvenirs-voyages\"> souvenirs de voyag<\/a>e et dessins d\u2019enfants, vos<a href=\"\/index.php\/realisations\"> faire-part<\/a>s et aquarelles, broderies \u2026 m\u00e9ritent d\u2019atteindre la perfection d\u2019une \u0153uvre d\u2019art. <\/p>\n\n\n\n<p style=\"text-align:center\">\n\nLeur valeur sentimentale, leur po\u00e9sie ou leur simple beaut\u00e9 sera magnifi\u00e9e dans un \u00e9crin digne de vos attentes.\n\n<\/p>\n\n\n\n<figure class=\"wp-block-image\"><img loading=\"lazy\" width=\"1024\" height=\"1024\" src=\"https:\/\/www.lebiseaufute.be\/wp-content\/uploads\/2020\/07\/OCVF7446-2-1024x1024.jpeg\" alt=\"\" class=\"wp-image-545\" srcset=\"https:\/\/www.lebiseaufute.be\/wp-content\/uploads\/2020\/07\/OCVF7446-2-1024x1024.jpeg 1024w, https:\/\/www.lebiseaufute.be\/wp-content\/uploads\/2020\/07\/OCVF7446-2-150x150.jpeg 150w, https:\/\/www.lebiseaufute.be\/wp-content\/uploads\/2020\/07\/OCVF7446-2-300x300.jpeg 300w, https:\/\/www.lebiseaufute.be\/wp-content\/uploads\/2020\/07\/OCVF7446-2-768x768.jpeg 768w, https:\/\/www.lebiseaufute.be\/wp-content\/uploads\/2020\/07\/OCVF7446-2-1568x1568.jpeg 1568w, https:\/\/www.lebiseaufute.be\/wp-content\/uploads\/2020\/07\/OCVF7446-2.jpeg 2048w\" sizes=\"(max-width: 1024px) 100vw, 1024px\" \/><\/figure>\n\n\n\n<p style=\"text-align:center\"> Vous souhaitez plus d&rsquo;informations? <a href=\"\/index.php\/entrons-en-contact\/\"><strong>Entrons en contact<\/strong><\/a><strong> <\/strong>\ud83d\ude42 <\/p>\n","protected":false},"excerpt":{"rendered":"<p>Quand la passion pour l\u2019encadrement cr\u00e9atif et pour la d\u00e9coration se rencontrent, cela rajeunit forc\u00e9ment ce m\u00e9tier vieux de plusieurs si\u00e8cles qui a \u00e9volu\u00e9 au fil du temps en int\u00e9grant nouveaux mat\u00e9riaux et nouvelles techniques. Marier un papier traditionnel ou une \u00e9toffe somptueuse, \u00e0 une baguette de bois brut ou travaill\u00e9e, conduit \u00e0 encadrer de<a class=\"more-link\" href=\"https:\/\/www.lebiseaufute.be\/index.php\/encadrement\/\">Poursuivre la lecture de <span class=\"screen-reader-text\">\u00ab\u00a0Encadrement\u00a0\u00bb<\/span><\/a><\/p>\n","protected":false},"author":1,"featured_media":0,"parent":0,"menu_order":0,"comment_status":"closed","ping_status":"closed","template":"","meta":{"ngg_post_thumbnail":0},"yoast_head":"<!-- This site is optimized with the Yoast SEO plugin v19.1 - https:\/\/yoast.com\/wordpress\/plugins\/seo\/ -->\n<title>Encadrement - Le biseau Fut\u00e9<\/title>\n<meta name=\"robots\" content=\"index, follow, max-snippet:-1, max-image-preview:large, max-video-preview:-1\" \/>\n<link rel=\"canonical\" href=\"https:\/\/www.lebiseaufute.be\/index.php\/encadrement\/\" \/>\n<meta property=\"og:locale\" content=\"fr_FR\" \/>\n<meta property=\"og:type\" content=\"article\" \/>\n<meta property=\"og:title\" content=\"Encadrement - Le biseau Fut\u00e9\" \/>\n<meta property=\"og:description\" content=\"Quand la passion pour l\u2019encadrement cr\u00e9atif et pour la d\u00e9coration se rencontrent, cela rajeunit forc\u00e9ment ce m\u00e9tier vieux de plusieurs si\u00e8cles qui a \u00e9volu\u00e9 au fil du temps en int\u00e9grant nouveaux mat\u00e9riaux et nouvelles techniques. Marier un papier traditionnel ou une \u00e9toffe somptueuse, \u00e0 une baguette de bois brut ou travaill\u00e9e, conduit \u00e0 encadrer dePoursuivre la lecture de &quot;Encadrement&quot;\" \/>\n<meta property=\"og:url\" content=\"https:\/\/www.lebiseaufute.be\/index.php\/encadrement\/\" \/>\n<meta property=\"og:site_name\" content=\"Le biseau Fut\u00e9\" \/>\n<meta property=\"article:modified_time\" content=\"2020-07-30T20:27:14+00:00\" \/>\n<meta property=\"og:image\" content=\"https:\/\/www.lebiseaufute.be\/wp-content\/uploads\/2020\/07\/OCVF7446-2-1024x1024.jpeg\" \/>\n<meta name=\"twitter:card\" content=\"summary_large_image\" \/>\n<meta name=\"twitter:label1\" content=\"Dur\u00e9e de lecture estim\u00e9e\" \/>\n\t<meta name=\"twitter:data1\" content=\"1 minute\" \/>\n<script type=\"application\/ld+json\" class=\"yoast-schema-graph\">{\"@context\":\"https:\/\/schema.org\",\"@graph\":[{\"@type\":\"Organization\",\"@id\":\"https:\/\/www.lebiseaufute.be\/#organization\",\"name\":\"Le Biseau Fut\u00e9\",\"url\":\"https:\/\/www.lebiseaufute.be\/\",\"sameAs\":[],\"logo\":{\"@type\":\"ImageObject\",\"inLanguage\":\"fr-FR\",\"@id\":\"https:\/\/www.lebiseaufute.be\/#\/schema\/logo\/image\/\",\"url\":\"https:\/\/www.lebiseaufute.be\/wp-content\/uploads\/2022\/06\/cropped-logo-Le-Biseau-Fute\u0301.png\",\"contentUrl\":\"https:\/\/www.lebiseaufute.be\/wp-content\/uploads\/2022\/06\/cropped-logo-Le-Biseau-Fute\u0301.png\",\"width\":512,\"height\":512,\"caption\":\"Le Biseau Fut\u00e9\"},\"image\":{\"@id\":\"https:\/\/www.lebiseaufute.be\/#\/schema\/logo\/image\/\"}},{\"@type\":\"WebSite\",\"@id\":\"https:\/\/www.lebiseaufute.be\/#website\",\"url\":\"https:\/\/www.lebiseaufute.be\/\",\"name\":\"Le biseau Fut\u00e9\",\"description\":\"Atelier d&#039;encadrement\",\"publisher\":{\"@id\":\"https:\/\/www.lebiseaufute.be\/#organization\"},\"potentialAction\":[{\"@type\":\"SearchAction\",\"target\":{\"@type\":\"EntryPoint\",\"urlTemplate\":\"https:\/\/www.lebiseaufute.be\/?s={search_term_string}\"},\"query-input\":\"required name=search_term_string\"}],\"inLanguage\":\"fr-FR\"},{\"@type\":\"ImageObject\",\"inLanguage\":\"fr-FR\",\"@id\":\"https:\/\/www.lebiseaufute.be\/index.php\/encadrement\/#primaryimage\",\"url\":\"https:\/\/www.lebiseaufute.be\/wp-content\/uploads\/2020\/07\/OCVF7446-2-1024x1024.jpeg\",\"contentUrl\":\"https:\/\/www.lebiseaufute.be\/wp-content\/uploads\/2020\/07\/OCVF7446-2-1024x1024.jpeg\"},{\"@type\":\"WebPage\",\"@id\":\"https:\/\/www.lebiseaufute.be\/index.php\/encadrement\/#webpage\",\"url\":\"https:\/\/www.lebiseaufute.be\/index.php\/encadrement\/\",\"name\":\"Encadrement - Le biseau Fut\u00e9\",\"isPartOf\":{\"@id\":\"https:\/\/www.lebiseaufute.be\/#website\"},\"primaryImageOfPage\":{\"@id\":\"https:\/\/www.lebiseaufute.be\/index.php\/encadrement\/#primaryimage\"},\"datePublished\":\"2020-06-02T09:44:50+00:00\",\"dateModified\":\"2020-07-30T20:27:14+00:00\",\"breadcrumb\":{\"@id\":\"https:\/\/www.lebiseaufute.be\/index.php\/encadrement\/#breadcrumb\"},\"inLanguage\":\"fr-FR\",\"potentialAction\":[{\"@type\":\"ReadAction\",\"target\":[\"https:\/\/www.lebiseaufute.be\/index.php\/encadrement\/\"]}]},{\"@type\":\"BreadcrumbList\",\"@id\":\"https:\/\/www.lebiseaufute.be\/index.php\/encadrement\/#breadcrumb\",\"itemListElement\":[{\"@type\":\"ListItem\",\"position\":1,\"name\":\"Accueil\",\"item\":\"https:\/\/www.lebiseaufute.be\/\"},{\"@type\":\"ListItem\",\"position\":2,\"name\":\"Encadrement\"}]}]}<\/script>\n<!-- \/ Yoast SEO plugin. -->","yoast_head_json":{"title":"Encadrement - Le biseau Fut\u00e9","robots":{"index":"index","follow":"follow","max-snippet":"max-snippet:-1","max-image-preview":"max-image-preview:large","max-video-preview":"max-video-preview:-1"},"canonical":"https:\/\/www.lebiseaufute.be\/index.php\/encadrement\/","og_locale":"fr_FR","og_type":"article","og_title":"Encadrement - Le biseau Fut\u00e9","og_description":"Quand la passion pour l\u2019encadrement cr\u00e9atif et pour la d\u00e9coration se rencontrent, cela rajeunit forc\u00e9ment ce m\u00e9tier vieux de plusieurs si\u00e8cles qui a \u00e9volu\u00e9 au fil du temps en int\u00e9grant nouveaux mat\u00e9riaux et nouvelles techniques. Marier un papier traditionnel ou une \u00e9toffe somptueuse, \u00e0 une baguette de bois brut ou travaill\u00e9e, conduit \u00e0 encadrer dePoursuivre la lecture de \"Encadrement\"","og_url":"https:\/\/www.lebiseaufute.be\/index.php\/encadrement\/","og_site_name":"Le biseau Fut\u00e9","article_modified_time":"2020-07-30T20:27:14+00:00","og_image":[{"url":"https:\/\/www.lebiseaufute.be\/wp-content\/uploads\/2020\/07\/OCVF7446-2-1024x1024.jpeg"}],"twitter_card":"summary_large_image","twitter_misc":{"Dur\u00e9e de lecture estim\u00e9e":"1 minute"},"schema":{"@context":"https:\/\/schema.org","@graph":[{"@type":"Organization","@id":"https:\/\/www.lebiseaufute.be\/#organization","name":"Le Biseau Fut\u00e9","url":"https:\/\/www.lebiseaufute.be\/","sameAs":[],"logo":{"@type":"ImageObject","inLanguage":"fr-FR","@id":"https:\/\/www.lebiseaufute.be\/#\/schema\/logo\/image\/","url":"https:\/\/www.lebiseaufute.be\/wp-content\/uploads\/2022\/06\/cropped-logo-Le-Biseau-Fute\u0301.png","contentUrl":"https:\/\/www.lebiseaufute.be\/wp-content\/uploads\/2022\/06\/cropped-logo-Le-Biseau-Fute\u0301.png","width":512,"height":512,"caption":"Le Biseau Fut\u00e9"},"image":{"@id":"https:\/\/www.lebiseaufute.be\/#\/schema\/logo\/image\/"}},{"@type":"WebSite","@id":"https:\/\/www.lebiseaufute.be\/#website","url":"https:\/\/www.lebiseaufute.be\/","name":"Le biseau Fut\u00e9","description":"Atelier d&#039;encadrement","publisher":{"@id":"https:\/\/www.lebiseaufute.be\/#organization"},"potentialAction":[{"@type":"SearchAction","target":{"@type":"EntryPoint","urlTemplate":"https:\/\/www.lebiseaufute.be\/?s={search_term_string}"},"query-input":"required name=search_term_string"}],"inLanguage":"fr-FR"},{"@type":"ImageObject","inLanguage":"fr-FR","@id":"https:\/\/www.lebiseaufute.be\/index.php\/encadrement\/#primaryimage","url":"https:\/\/www.lebiseaufute.be\/wp-content\/uploads\/2020\/07\/OCVF7446-2-1024x1024.jpeg","contentUrl":"https:\/\/www.lebiseaufute.be\/wp-content\/uploads\/2020\/07\/OCVF7446-2-1024x1024.jpeg"},{"@type":"WebPage","@id":"https:\/\/www.lebiseaufute.be\/index.php\/encadrement\/#webpage","url":"https:\/\/www.lebiseaufute.be\/index.php\/encadrement\/","name":"Encadrement - Le biseau Fut\u00e9","isPartOf":{"@id":"https:\/\/www.lebiseaufute.be\/#website"},"primaryImageOfPage":{"@id":"https:\/\/www.lebiseaufute.be\/index.php\/encadrement\/#primaryimage"},"datePublished":"2020-06-02T09:44:50+00:00","dateModified":"2020-07-30T20:27:14+00:00","breadcrumb":{"@id":"https:\/\/www.lebiseaufute.be\/index.php\/encadrement\/#breadcrumb"},"inLanguage":"fr-FR","potentialAction":[{"@type":"ReadAction","target":["https:\/\/www.lebiseaufute.be\/index.php\/encadrement\/"]}]},{"@type":"BreadcrumbList","@id":"https:\/\/www.lebiseaufute.be\/index.php\/encadrement\/#breadcrumb","itemListElement":[{"@type":"ListItem","position":1,"name":"Accueil","item":"https:\/\/www.lebiseaufute.be\/"},{"@type":"ListItem","position":2,"name":"Encadrement"}]}]}},"_links":{"self":[{"href":"https:\/\/www.lebiseaufute.be\/index.php\/wp-json\/wp\/v2\/pages\/12"}],"collection":[{"href":"https:\/\/www.lebiseaufute.be\/index.php\/wp-json\/wp\/v2\/pages"}],"about":[{"href":"https:\/\/www.lebiseaufute.be\/index.php\/wp-json\/wp\/v2\/types\/page"}],"author":[{"embeddable":true,"href":"https:\/\/www.lebiseaufute.be\/index.php\/wp-json\/wp\/v2\/users\/1"}],"replies":[{"embeddable":true,"href":"https:\/\/www.lebiseaufute.be\/index.php\/wp-json\/wp\/v2\/comments?post=12"}],"version-history":[{"count":13,"href":"https:\/\/www.lebiseaufute.be\/index.php\/wp-json\/wp\/v2\/pages\/12\/revisions"}],"predecessor-version":[{"id":546,"href":"https:\/\/www.lebiseaufute.be\/index.php\/wp-json\/wp\/v2\/pages\/12\/revisions\/546"}],"wp:attachment":[{"href":"https:\/\/www.lebiseaufute.be\/index.php\/wp-json\/wp\/v2\/media?parent=12"}],"curies":[{"name":"wp","href":"https:\/\/api.w.org\/{rel}","templated":true}]}}