{"id":20,"date":"2020-06-02T16:55:13","date_gmt":"2020-06-02T14:55:13","guid":{"rendered":"http:\/\/www.lebiseaufute.be\/?page_id=20"},"modified":"2020-07-13T10:52:50","modified_gmt":"2020-07-13T08:52:50","slug":"20-2","status":"publish","type":"page","link":"https:\/\/www.lebiseaufute.be\/","title":{"rendered":""},"content":{"rendered":"\n<p style=\"text-align:center\">Rendez vos moments pr\u00e9cieux inoubliables gr\u00e2ce \u00e0 un encadrement original de l&rsquo;atelier Le Biseau Fut\u00e9.<\/p>\n\n\n\n<div class=\"wp-block-cover alignfull\" style=\"background-image:url(http:\/\/www.lebiseaufute.be\/wp-content\/uploads\/2020\/07\/20180521-Le-Biseau-Fut\u00e9-Pascale-van-Pottelsberghe-foto-Luk-Collet-4750-e1594630341713.jpg)\"><p class=\"wp-block-cover-text\"><a href=\"https:\/\/www.lebiseaufute.be\/index.php\/encadrement\/\">Encadrement<\/a><\/p><\/div>\n\n\n\n<p class=\"has-drop-cap\">Vos cartes postales et gravures anciennes, vos souvenirs de voyage et dessins d&rsquo;enfants, vos faire-parts et aquarelles, broderies&#8230; m\u00e9ritent d&rsquo;atteindre la perfection d&rsquo;une oeuvre d&rsquo;art.<br><a href=\"https:\/\/www.lebiseaufute.be\/index.php\/encadrement\/\"><strong>Plus d&rsquo;infos<\/strong><\/a><\/p>\n\n\n\n<div class=\"wp-block-cover alignfull\" style=\"background-image:url(http:\/\/www.lebiseaufute.be\/wp-content\/uploads\/2020\/07\/Home_cartonnage-1024x1024.jpg)\"><p class=\"wp-block-cover-text\"><a href=\"https:\/\/www.lebiseaufute.be\/index.php\/cartonnage\/\">Cartonnage<\/a><\/p><\/div>\n\n\n\n<p class=\"has-drop-cap\">Jeux de mati\u00e8res, de couleurs, de volumes ou de lignes&#8230; Le cartonnage permet de cr\u00e9er cet objet unique qui vous accompagnera ou accompagnera vos proches au fil du temps. <a href=\"https:\/\/www.lebiseaufute.be\/index.php\/cartonnage\/\"><strong>Plus d&rsquo;infos<\/strong><\/a><\/p>\n\n\n\n<div class=\"wp-block-cover alignfull\" style=\"background-image:url(https:\/\/www.lebiseaufute.be\/wp-content\/uploads\/2020\/07\/Cours.jpg)\"><p class=\"wp-block-cover-text\"><a href=\"https:\/\/www.lebiseaufute.be\/index.php\/cours\/\">Cours<\/a><\/p><\/div>\n\n\n\n<p class=\"has-drop-cap\">D\u00e9sireuse de transmettre sa passion et son savoir-faire, Pascale du Biseau Fut\u00e9 propose \u00e9galement des cours cr\u00e9atifs d&rsquo;encadrement et de cartonnage, vous permettant de d\u00e9velopper sans limites votre cr\u00e9ativit\u00e9. <a href=\"https:\/\/www.lebiseaufute.be\/index.php\/cours\/\"><strong>Plus d&rsquo;infos<\/strong><\/a><\/p>\n","protected":false},"excerpt":{"rendered":"<p>Rendez vos moments pr\u00e9cieux inoubliables gr\u00e2ce \u00e0 un encadrement original de l&rsquo;atelier Le Biseau Fut\u00e9. Vos cartes postales et gravures anciennes, vos souvenirs de voyage et dessins d&rsquo;enfants, vos faire-parts et aquarelles, broderies&#8230; m\u00e9ritent d&rsquo;atteindre la perfection d&rsquo;une oeuvre d&rsquo;art.Plus d&rsquo;infos Jeux de mati\u00e8res, de couleurs, de volumes ou de lignes&#8230; Le cartonnage permet de<a class=\"more-link\" href=\"https:\/\/www.lebiseaufute.be\/\">Poursuivre la lecture de <\/a><\/p>\n","protected":false},"author":1,"featured_media":0,"parent":0,"menu_order":0,"comment_status":"closed","ping_status":"closed","template":"","meta":{"ngg_post_thumbnail":0},"yoast_head":"<!-- This site is optimized with the Yoast SEO plugin v19.1 - https:\/\/yoast.com\/wordpress\/plugins\/seo\/ -->\n<title>- Le biseau Fut\u00e9<\/title>\n<meta name=\"robots\" content=\"index, follow, max-snippet:-1, max-image-preview:large, max-video-preview:-1\" \/>\n<link rel=\"canonical\" href=\"https:\/\/www.lebiseaufute.be\/\" \/>\n<meta property=\"og:locale\" content=\"fr_FR\" \/>\n<meta property=\"og:type\" content=\"article\" \/>\n<meta property=\"og:title\" content=\"- Le biseau Fut\u00e9\" \/>\n<meta property=\"og:description\" content=\"Rendez vos moments pr\u00e9cieux inoubliables gr\u00e2ce \u00e0 un encadrement original de l&rsquo;atelier Le Biseau Fut\u00e9. Vos cartes postales et gravures anciennes, vos souvenirs de voyage et dessins d&rsquo;enfants, vos faire-parts et aquarelles, broderies&#8230; m\u00e9ritent d&rsquo;atteindre la perfection d&rsquo;une oeuvre d&rsquo;art.Plus d&rsquo;infos Jeux de mati\u00e8res, de couleurs, de volumes ou de lignes&#8230; Le cartonnage permet dePoursuivre la lecture de\" \/>\n<meta property=\"og:url\" content=\"https:\/\/www.lebiseaufute.be\/\" \/>\n<meta property=\"og:site_name\" content=\"Le biseau Fut\u00e9\" \/>\n<meta property=\"article:modified_time\" content=\"2020-07-13T08:52:50+00:00\" \/>\n<meta name=\"twitter:card\" content=\"summary_large_image\" \/>\n<meta name=\"twitter:label1\" content=\"Dur\u00e9e de lecture estim\u00e9e\" \/>\n\t<meta name=\"twitter:data1\" content=\"1 minute\" \/>\n<script type=\"application\/ld+json\" class=\"yoast-schema-graph\">{\"@context\":\"https:\/\/schema.org\",\"@graph\":[{\"@type\":\"Organization\",\"@id\":\"https:\/\/www.lebiseaufute.be\/#organization\",\"name\":\"Le Biseau Fut\u00e9\",\"url\":\"https:\/\/www.lebiseaufute.be\/\",\"sameAs\":[],\"logo\":{\"@type\":\"ImageObject\",\"inLanguage\":\"fr-FR\",\"@id\":\"https:\/\/www.lebiseaufute.be\/#\/schema\/logo\/image\/\",\"url\":\"https:\/\/www.lebiseaufute.be\/wp-content\/uploads\/2022\/06\/cropped-logo-Le-Biseau-Fute\u0301.png\",\"contentUrl\":\"https:\/\/www.lebiseaufute.be\/wp-content\/uploads\/2022\/06\/cropped-logo-Le-Biseau-Fute\u0301.png\",\"width\":512,\"height\":512,\"caption\":\"Le Biseau Fut\u00e9\"},\"image\":{\"@id\":\"https:\/\/www.lebiseaufute.be\/#\/schema\/logo\/image\/\"}},{\"@type\":\"WebSite\",\"@id\":\"https:\/\/www.lebiseaufute.be\/#website\",\"url\":\"https:\/\/www.lebiseaufute.be\/\",\"name\":\"Le biseau Fut\u00e9\",\"description\":\"Atelier d&#039;encadrement\",\"publisher\":{\"@id\":\"https:\/\/www.lebiseaufute.be\/#organization\"},\"potentialAction\":[{\"@type\":\"SearchAction\",\"target\":{\"@type\":\"EntryPoint\",\"urlTemplate\":\"https:\/\/www.lebiseaufute.be\/?s={search_term_string}\"},\"query-input\":\"required name=search_term_string\"}],\"inLanguage\":\"fr-FR\"},{\"@type\":\"WebPage\",\"@id\":\"https:\/\/www.lebiseaufute.be\/#webpage\",\"url\":\"https:\/\/www.lebiseaufute.be\/\",\"name\":\"- Le biseau Fut\u00e9\",\"isPartOf\":{\"@id\":\"https:\/\/www.lebiseaufute.be\/#website\"},\"datePublished\":\"2020-06-02T14:55:13+00:00\",\"dateModified\":\"2020-07-13T08:52:50+00:00\",\"breadcrumb\":{\"@id\":\"https:\/\/www.lebiseaufute.be\/#breadcrumb\"},\"inLanguage\":\"fr-FR\",\"potentialAction\":[{\"@type\":\"ReadAction\",\"target\":[\"https:\/\/www.lebiseaufute.be\/\"]}]},{\"@type\":\"BreadcrumbList\",\"@id\":\"https:\/\/www.lebiseaufute.be\/#breadcrumb\",\"itemListElement\":[{\"@type\":\"ListItem\",\"position\":1,\"name\":\"Accueil\",\"item\":\"https:\/\/www.lebiseaufute.be\/\"},{\"@type\":\"ListItem\",\"position\":2,\"name\":\"\"}]}]}<\/script>\n<!-- \/ Yoast SEO plugin. -->","yoast_head_json":{"title":"- Le biseau Fut\u00e9","robots":{"index":"index","follow":"follow","max-snippet":"max-snippet:-1","max-image-preview":"max-image-preview:large","max-video-preview":"max-video-preview:-1"},"canonical":"https:\/\/www.lebiseaufute.be\/","og_locale":"fr_FR","og_type":"article","og_title":"- Le biseau Fut\u00e9","og_description":"Rendez vos moments pr\u00e9cieux inoubliables gr\u00e2ce \u00e0 un encadrement original de l&rsquo;atelier Le Biseau Fut\u00e9. Vos cartes postales et gravures anciennes, vos souvenirs de voyage et dessins d&rsquo;enfants, vos faire-parts et aquarelles, broderies&#8230; m\u00e9ritent d&rsquo;atteindre la perfection d&rsquo;une oeuvre d&rsquo;art.Plus d&rsquo;infos Jeux de mati\u00e8res, de couleurs, de volumes ou de lignes&#8230; Le cartonnage permet dePoursuivre la lecture de","og_url":"https:\/\/www.lebiseaufute.be\/","og_site_name":"Le biseau Fut\u00e9","article_modified_time":"2020-07-13T08:52:50+00:00","twitter_card":"summary_large_image","twitter_misc":{"Dur\u00e9e de lecture estim\u00e9e":"1 minute"},"schema":{"@context":"https:\/\/schema.org","@graph":[{"@type":"Organization","@id":"https:\/\/www.lebiseaufute.be\/#organization","name":"Le Biseau Fut\u00e9","url":"https:\/\/www.lebiseaufute.be\/","sameAs":[],"logo":{"@type":"ImageObject","inLanguage":"fr-FR","@id":"https:\/\/www.lebiseaufute.be\/#\/schema\/logo\/image\/","url":"https:\/\/www.lebiseaufute.be\/wp-content\/uploads\/2022\/06\/cropped-logo-Le-Biseau-Fute\u0301.png","contentUrl":"https:\/\/www.lebiseaufute.be\/wp-content\/uploads\/2022\/06\/cropped-logo-Le-Biseau-Fute\u0301.png","width":512,"height":512,"caption":"Le Biseau Fut\u00e9"},"image":{"@id":"https:\/\/www.lebiseaufute.be\/#\/schema\/logo\/image\/"}},{"@type":"WebSite","@id":"https:\/\/www.lebiseaufute.be\/#website","url":"https:\/\/www.lebiseaufute.be\/","name":"Le biseau Fut\u00e9","description":"Atelier d&#039;encadrement","publisher":{"@id":"https:\/\/www.lebiseaufute.be\/#organization"},"potentialAction":[{"@type":"SearchAction","target":{"@type":"EntryPoint","urlTemplate":"https:\/\/www.lebiseaufute.be\/?s={search_term_string}"},"query-input":"required name=search_term_string"}],"inLanguage":"fr-FR"},{"@type":"WebPage","@id":"https:\/\/www.lebiseaufute.be\/#webpage","url":"https:\/\/www.lebiseaufute.be\/","name":"- Le biseau Fut\u00e9","isPartOf":{"@id":"https:\/\/www.lebiseaufute.be\/#website"},"datePublished":"2020-06-02T14:55:13+00:00","dateModified":"2020-07-13T08:52:50+00:00","breadcrumb":{"@id":"https:\/\/www.lebiseaufute.be\/#breadcrumb"},"inLanguage":"fr-FR","potentialAction":[{"@type":"ReadAction","target":["https:\/\/www.lebiseaufute.be\/"]}]},{"@type":"BreadcrumbList","@id":"https:\/\/www.lebiseaufute.be\/#breadcrumb","itemListElement":[{"@type":"ListItem","position":1,"name":"Accueil","item":"https:\/\/www.lebiseaufute.be\/"},{"@type":"ListItem","position":2,"name":""}]}]}},"_links":{"self":[{"href":"https:\/\/www.lebiseaufute.be\/index.php\/wp-json\/wp\/v2\/pages\/20"}],"collection":[{"href":"https:\/\/www.lebiseaufute.be\/index.php\/wp-json\/wp\/v2\/pages"}],"about":[{"href":"https:\/\/www.lebiseaufute.be\/index.php\/wp-json\/wp\/v2\/types\/page"}],"author":[{"embeddable":true,"href":"https:\/\/www.lebiseaufute.be\/index.php\/wp-json\/wp\/v2\/users\/1"}],"replies":[{"embeddable":true,"href":"https:\/\/www.lebiseaufute.be\/index.php\/wp-json\/wp\/v2\/comments?post=20"}],"version-history":[{"count":12,"href":"https:\/\/www.lebiseaufute.be\/index.php\/wp-json\/wp\/v2\/pages\/20\/revisions"}],"predecessor-version":[{"id":540,"href":"https:\/\/www.lebiseaufute.be\/index.php\/wp-json\/wp\/v2\/pages\/20\/revisions\/540"}],"wp:attachment":[{"href":"https:\/\/www.lebiseaufute.be\/index.php\/wp-json\/wp\/v2\/media?parent=20"}],"curies":[{"name":"wp","href":"https:\/\/api.w.org\/{rel}","templated":true}]}}