{"id":46,"date":"2020-06-10T09:16:25","date_gmt":"2020-06-10T07:16:25","guid":{"rendered":"http:\/\/www.lebiseaufute.be\/?page_id=46"},"modified":"2022-10-14T12:42:17","modified_gmt":"2022-10-14T10:42:17","slug":"entrons-en-contact","status":"publish","type":"page","link":"https:\/\/www.lebiseaufute.be\/index.php\/entrons-en-contact\/","title":{"rendered":"Contact"},"content":{"rendered":"\n<div class=\"wp-block-columns has-2-columns\">\n<div class=\"wp-block-column\"><p><iframe loading=\"lazy\" src=\"https:\/\/www.google.com\/maps\/embed?pb=!1m14!1m8!1m3!1d10104.75289969784!2d4.7194219!3d50.7164471!3m2!1i1024!2i768!4f13.1!3m3!1m2!1s0x0%3A0x46f207979a8c4c0e!2sLe%20Biseau%20Fut%C3%A9!5e0!3m2!1sfr!2sbe!4v1594542020479!5m2!1sfr!2sbe\" width=\"600\" height=\"350\" frameborder=\"0\" style=\"border:0;\" allowfullscreen=\"\" aria-hidden=\"false\" tabindex=\"0\"><\/iframe><\/p>\n<\/div>\n\n\n\n<div class=\"wp-block-column\">\n<h5>Retrouvez-nous:<\/h5>\n\n\n\n<p>Rue du R\u00e9sidal, 21<br>1390 &#8211; Grez-Doiceau<br>TVA: BE0861.126.705<br><\/p>\n\n\n<p><a href=\"tel:0497191943\">+32 497 19 19 43<\/a><\/p>\n<\/div>\n<\/div>\n\n\n<div role=\"form\" class=\"wpcf7\" id=\"wpcf7-f565-o1\" lang=\"fr-FR\" dir=\"ltr\">\n<div class=\"screen-reader-response\"><p role=\"status\" aria-live=\"polite\" aria-atomic=\"true\"><\/p> <ul><\/ul><\/div>\n<form action=\"\/index.php\/wp-json\/wp\/v2\/pages\/46#wpcf7-f565-o1\" method=\"post\" class=\"wpcf7-form init\" novalidate=\"novalidate\" data-status=\"init\">\n<div style=\"display: none;\">\n<input type=\"hidden\" name=\"_wpcf7\" value=\"565\" \/>\n<input type=\"hidden\" name=\"_wpcf7_version\" value=\"5.6.3\" \/>\n<input type=\"hidden\" name=\"_wpcf7_locale\" value=\"fr_FR\" \/>\n<input type=\"hidden\" name=\"_wpcf7_unit_tag\" value=\"wpcf7-f565-o1\" \/>\n<input type=\"hidden\" name=\"_wpcf7_container_post\" value=\"0\" \/>\n<input type=\"hidden\" name=\"_wpcf7_posted_data_hash\" value=\"\" \/>\n<\/div>\n<p><label> Votre nom<br \/>\n    <span class=\"wpcf7-form-control-wrap\" data-name=\"your-name\"><input type=\"text\" name=\"your-name\" value=\"\" size=\"40\" class=\"wpcf7-form-control wpcf7-text wpcf7-validates-as-required\" aria-required=\"true\" aria-invalid=\"false\" \/><\/span> <\/label><\/p>\n<p><label> Votre e-mail<br \/>\n    <span class=\"wpcf7-form-control-wrap\" data-name=\"your-email\"><input type=\"email\" name=\"your-email\" value=\"\" size=\"40\" class=\"wpcf7-form-control wpcf7-text wpcf7-email wpcf7-validates-as-required wpcf7-validates-as-email\" aria-required=\"true\" aria-invalid=\"false\" \/><\/span> <\/label><\/p>\n<p><label> Objet<br \/>\n    <span class=\"wpcf7-form-control-wrap\" data-name=\"your-subject\"><input type=\"text\" name=\"your-subject\" value=\"\" size=\"40\" class=\"wpcf7-form-control wpcf7-text wpcf7-validates-as-required\" aria-required=\"true\" aria-invalid=\"false\" \/><\/span> <\/label><\/p>\n<p><span class=\"wpcf7-form-control-wrap\" data-name=\"Informations\"><span class=\"wpcf7-form-control wpcf7-radio\"><span class=\"wpcf7-list-item first\"><label><input type=\"radio\" name=\"Informations\" value=\"Je souhaite de plus amples informations sur vos cours\" checked=\"checked\" \/><span class=\"wpcf7-list-item-label\">Je souhaite de plus amples informations sur vos cours<\/span><\/label><\/span><span class=\"wpcf7-list-item\"><label><input type=\"radio\" name=\"Informations\" value=\"Je souhaite de plus amples informations sur vos solutions d&#039;encadrement\" \/><span class=\"wpcf7-list-item-label\">Je souhaite de plus amples informations sur vos solutions d&#039;encadrement<\/span><\/label><\/span><span class=\"wpcf7-list-item last\"><label><input type=\"radio\" name=\"Informations\" value=\"Je souhaite de plus amples informations sur vos solutions de cartonnage\" \/><span class=\"wpcf7-list-item-label\">Je souhaite de plus amples informations sur vos solutions de cartonnage<\/span><\/label><\/span><\/span><\/span><\/p>\n<p><label> Votre message (facultatif)<br \/>\n    <span class=\"wpcf7-form-control-wrap\" data-name=\"your-message\"><textarea name=\"your-message\" cols=\"40\" rows=\"10\" class=\"wpcf7-form-control wpcf7-textarea\" aria-invalid=\"false\"><\/textarea><\/span> <\/label><\/p>\n<p><input type=\"submit\" value=\"Envoyer\" class=\"wpcf7-form-control has-spinner wpcf7-submit\" \/><\/p>\n<noscript>\n\t\t\t<div class=\"wpcf7-response-output wpcf7-spam-blocked\">Your browser does not support JavaScript!. Please enable javascript in your browser in order to get form work properly.<\/div>\n\t<\/noscript><script type='text\/javascript'>\n\n\t\t\t\t\t\tif(contactform === undefined){\n\t\t\t\t\t\t\tvar contactform = [];\n\t\t\t\t\t\t}\n\t\t\t\t\t\tvar innerVal = [565,'mail_sent_ok','Merci pour votre message. Il a &eacute;t&eacute; envoy&eacute;.'];\n\t\t\t\t\t\tcontactform.push(innerVal);\n\t\t\t\t\t\tvar innerVal = [565,'mail_sent_ng','Une erreur s&rsquo;est produite lors de l&rsquo;envoi de votre message. Veuillez essayer &agrave; nouveau plus tard.'];\n\t\t\t\t\t\tcontactform.push(innerVal);\n\t\t\t\t\t\tvar innerVal = [565,'validation_error','Un ou plusieurs champs contiennent une erreur. Veuillez v&eacute;rifier et essayer &agrave; nouveau.'];\n\t\t\t\t\t\tcontactform.push(innerVal);\n\t\t\t\t\t\tvar innerVal = [565,'spam','Une erreur s&rsquo;est produite lors de l&rsquo;envoi de votre message. Veuillez essayer &agrave; nouveau plus tard.'];\n\t\t\t\t\t\tcontactform.push(innerVal);\n\t\t\t\t\t\tvar innerVal = [565,'accept_terms','Vous devez accepter les termes et conditions avant d&rsquo;envoyer votre message.'];\n\t\t\t\t\t\tcontactform.push(innerVal);\n\t\t\t\t\t\tvar innerVal = [565,'invalid_required','Veuillez renseigner ce champ.'];\n\t\t\t\t\t\tcontactform.push(innerVal);\n\t\t\t\t\t\tvar innerVal = [565,'invalid_too_long','Ce champ &agrave; une date trop tardive.'];\n\t\t\t\t\t\tcontactform.push(innerVal);\n\t\t\t\t\t\tvar innerVal = [565,'invalid_too_short','Ce champ &agrave; un num&eacute;ro trop court.'];\n\t\t\t\t\t\tcontactform.push(innerVal);\n\t\t\t\t\t\tvar innerVal = [565,'upload_failed','Une erreur inconnue s&rsquo;est produite lors du t&eacute;l&eacute;versement du fichier.'];\n\t\t\t\t\t\tcontactform.push(innerVal);\n\t\t\t\t\t\tvar innerVal = [565,'upload_file_type_invalid','Vous n&rsquo;avez pas les droits n&eacute;cessaires pour t&eacute;l&eacute;verser ce type de fichier.'];\n\t\t\t\t\t\tcontactform.push(innerVal);\n\t\t\t\t\t\tvar innerVal = [565,'upload_file_too_large','Le fichier t&eacute;l&eacute;vers&eacute; est trop volumineux.'];\n\t\t\t\t\t\tcontactform.push(innerVal);\n\t\t\t\t\t\tvar innerVal = [565,'upload_failed_php_error','Une erreur s&rsquo;est produite lors du t&eacute;l&eacute;versement du fichier.'];\n\t\t\t\t\t\tcontactform.push(innerVal);\n\t\t\t\t\t\tvar innerVal = [565,'invalid_date','SVP, entrez une date au format AAAA-MM-JJ'];\n\t\t\t\t\t\tcontactform.push(innerVal);\n\t\t\t\t\t\tvar innerVal = [565,'date_too_early','Ce champ &agrave; une date trop t&ocirc;t.'];\n\t\t\t\t\t\tcontactform.push(innerVal);\n\t\t\t\t\t\tvar innerVal = [565,'date_too_late','Ce champ &agrave; une date trop tardive.'];\n\t\t\t\t\t\tcontactform.push(innerVal);\n\t\t\t\t\t\tvar innerVal = [565,'invalid_number','Veuillez saisir un num&eacute;ro.'];\n\t\t\t\t\t\tcontactform.push(innerVal);\n\t\t\t\t\t\tvar innerVal = [565,'number_too_small','Ce champ &agrave; un num&eacute;ro trop court.'];\n\t\t\t\t\t\tcontactform.push(innerVal);\n\t\t\t\t\t\tvar innerVal = [565,'number_too_large','Ce champ a un num&eacute;ro trop long.'];\n\t\t\t\t\t\tcontactform.push(innerVal);\n\t\t\t\t\t\tvar innerVal = [565,'quiz_answer_not_correct','La r&eacute;ponse &agrave; la question est incorrecte.'];\n\t\t\t\t\t\tcontactform.push(innerVal);\n\t\t\t\t\t\tvar innerVal = [565,'invalid_email','Veuillez saisir votre adresse e-mail.'];\n\t\t\t\t\t\tcontactform.push(innerVal);\n\t\t\t\t\t\tvar innerVal = [565,'invalid_url','Veuillez saisisr une URL'];\n\t\t\t\t\t\tcontactform.push(innerVal);\n\t\t\t\t\t\tvar innerVal = [565,'invalid_tel','Veuillez saisir un num&eacute;ro de t&eacute;l&eacute;phone.'];\n\t\t\t\t\t\tcontactform.push(innerVal);\n\t\t\t\t\t\tvar innerVal = [565,'gdpr',''];\n\t\t\t\t\t\tcontactform.push(innerVal);\n\t\t\t\t\t\t<\/script><div class=\"wpcf7-response-output\" aria-hidden=\"true\"><\/div><\/form><\/div>\n","protected":false},"excerpt":{"rendered":"<p>Retrouvez-nous: Rue du R\u00e9sidal, 211390 &#8211; Grez-DoiceauTVA: BE0861.126.705<\/p>\n","protected":false},"author":1,"featured_media":0,"parent":0,"menu_order":0,"comment_status":"closed","ping_status":"closed","template":"","meta":{"ngg_post_thumbnail":0},"yoast_head":"<!-- This site is optimized with the Yoast SEO plugin v19.1 - https:\/\/yoast.com\/wordpress\/plugins\/seo\/ -->\n<title>Contact - Le biseau Fut\u00e9<\/title>\n<meta name=\"robots\" content=\"index, follow, max-snippet:-1, max-image-preview:large, max-video-preview:-1\" \/>\n<link rel=\"canonical\" href=\"https:\/\/www.lebiseaufute.be\/index.php\/entrons-en-contact\/\" \/>\n<meta property=\"og:locale\" content=\"fr_FR\" \/>\n<meta property=\"og:type\" content=\"article\" \/>\n<meta property=\"og:title\" content=\"Contact - Le biseau Fut\u00e9\" \/>\n<meta property=\"og:description\" content=\"Retrouvez-nous: Rue du R\u00e9sidal, 211390 &#8211; Grez-DoiceauTVA: BE0861.126.705\" \/>\n<meta property=\"og:url\" content=\"https:\/\/www.lebiseaufute.be\/index.php\/entrons-en-contact\/\" \/>\n<meta property=\"og:site_name\" content=\"Le biseau Fut\u00e9\" \/>\n<meta property=\"article:modified_time\" content=\"2022-10-14T10:42:17+00:00\" \/>\n<meta name=\"twitter:card\" content=\"summary_large_image\" \/>\n<meta name=\"twitter:label1\" content=\"Dur\u00e9e de lecture estim\u00e9e\" \/>\n\t<meta name=\"twitter:data1\" content=\"1 minute\" \/>\n<script type=\"application\/ld+json\" class=\"yoast-schema-graph\">{\"@context\":\"https:\/\/schema.org\",\"@graph\":[{\"@type\":\"Organization\",\"@id\":\"https:\/\/www.lebiseaufute.be\/#organization\",\"name\":\"Le Biseau Fut\u00e9\",\"url\":\"https:\/\/www.lebiseaufute.be\/\",\"sameAs\":[],\"logo\":{\"@type\":\"ImageObject\",\"inLanguage\":\"fr-FR\",\"@id\":\"https:\/\/www.lebiseaufute.be\/#\/schema\/logo\/image\/\",\"url\":\"https:\/\/www.lebiseaufute.be\/wp-content\/uploads\/2022\/06\/cropped-logo-Le-Biseau-Fute\u0301.png\",\"contentUrl\":\"https:\/\/www.lebiseaufute.be\/wp-content\/uploads\/2022\/06\/cropped-logo-Le-Biseau-Fute\u0301.png\",\"width\":512,\"height\":512,\"caption\":\"Le Biseau Fut\u00e9\"},\"image\":{\"@id\":\"https:\/\/www.lebiseaufute.be\/#\/schema\/logo\/image\/\"}},{\"@type\":\"WebSite\",\"@id\":\"https:\/\/www.lebiseaufute.be\/#website\",\"url\":\"https:\/\/www.lebiseaufute.be\/\",\"name\":\"Le biseau Fut\u00e9\",\"description\":\"Atelier d&#039;encadrement\",\"publisher\":{\"@id\":\"https:\/\/www.lebiseaufute.be\/#organization\"},\"potentialAction\":[{\"@type\":\"SearchAction\",\"target\":{\"@type\":\"EntryPoint\",\"urlTemplate\":\"https:\/\/www.lebiseaufute.be\/?s={search_term_string}\"},\"query-input\":\"required name=search_term_string\"}],\"inLanguage\":\"fr-FR\"},{\"@type\":\"WebPage\",\"@id\":\"https:\/\/www.lebiseaufute.be\/index.php\/entrons-en-contact\/#webpage\",\"url\":\"https:\/\/www.lebiseaufute.be\/index.php\/entrons-en-contact\/\",\"name\":\"Contact - Le biseau Fut\u00e9\",\"isPartOf\":{\"@id\":\"https:\/\/www.lebiseaufute.be\/#website\"},\"datePublished\":\"2020-06-10T07:16:25+00:00\",\"dateModified\":\"2022-10-14T10:42:17+00:00\",\"breadcrumb\":{\"@id\":\"https:\/\/www.lebiseaufute.be\/index.php\/entrons-en-contact\/#breadcrumb\"},\"inLanguage\":\"fr-FR\",\"potentialAction\":[{\"@type\":\"ReadAction\",\"target\":[\"https:\/\/www.lebiseaufute.be\/index.php\/entrons-en-contact\/\"]}]},{\"@type\":\"BreadcrumbList\",\"@id\":\"https:\/\/www.lebiseaufute.be\/index.php\/entrons-en-contact\/#breadcrumb\",\"itemListElement\":[{\"@type\":\"ListItem\",\"position\":1,\"name\":\"Accueil\",\"item\":\"https:\/\/www.lebiseaufute.be\/\"},{\"@type\":\"ListItem\",\"position\":2,\"name\":\"Contact\"}]}]}<\/script>\n<!-- \/ Yoast SEO plugin. -->","yoast_head_json":{"title":"Contact - Le biseau Fut\u00e9","robots":{"index":"index","follow":"follow","max-snippet":"max-snippet:-1","max-image-preview":"max-image-preview:large","max-video-preview":"max-video-preview:-1"},"canonical":"https:\/\/www.lebiseaufute.be\/index.php\/entrons-en-contact\/","og_locale":"fr_FR","og_type":"article","og_title":"Contact - Le biseau Fut\u00e9","og_description":"Retrouvez-nous: Rue du R\u00e9sidal, 211390 &#8211; Grez-DoiceauTVA: BE0861.126.705","og_url":"https:\/\/www.lebiseaufute.be\/index.php\/entrons-en-contact\/","og_site_name":"Le biseau Fut\u00e9","article_modified_time":"2022-10-14T10:42:17+00:00","twitter_card":"summary_large_image","twitter_misc":{"Dur\u00e9e de lecture estim\u00e9e":"1 minute"},"schema":{"@context":"https:\/\/schema.org","@graph":[{"@type":"Organization","@id":"https:\/\/www.lebiseaufute.be\/#organization","name":"Le Biseau Fut\u00e9","url":"https:\/\/www.lebiseaufute.be\/","sameAs":[],"logo":{"@type":"ImageObject","inLanguage":"fr-FR","@id":"https:\/\/www.lebiseaufute.be\/#\/schema\/logo\/image\/","url":"https:\/\/www.lebiseaufute.be\/wp-content\/uploads\/2022\/06\/cropped-logo-Le-Biseau-Fute\u0301.png","contentUrl":"https:\/\/www.lebiseaufute.be\/wp-content\/uploads\/2022\/06\/cropped-logo-Le-Biseau-Fute\u0301.png","width":512,"height":512,"caption":"Le Biseau Fut\u00e9"},"image":{"@id":"https:\/\/www.lebiseaufute.be\/#\/schema\/logo\/image\/"}},{"@type":"WebSite","@id":"https:\/\/www.lebiseaufute.be\/#website","url":"https:\/\/www.lebiseaufute.be\/","name":"Le biseau Fut\u00e9","description":"Atelier d&#039;encadrement","publisher":{"@id":"https:\/\/www.lebiseaufute.be\/#organization"},"potentialAction":[{"@type":"SearchAction","target":{"@type":"EntryPoint","urlTemplate":"https:\/\/www.lebiseaufute.be\/?s={search_term_string}"},"query-input":"required name=search_term_string"}],"inLanguage":"fr-FR"},{"@type":"WebPage","@id":"https:\/\/www.lebiseaufute.be\/index.php\/entrons-en-contact\/#webpage","url":"https:\/\/www.lebiseaufute.be\/index.php\/entrons-en-contact\/","name":"Contact - Le biseau Fut\u00e9","isPartOf":{"@id":"https:\/\/www.lebiseaufute.be\/#website"},"datePublished":"2020-06-10T07:16:25+00:00","dateModified":"2022-10-14T10:42:17+00:00","breadcrumb":{"@id":"https:\/\/www.lebiseaufute.be\/index.php\/entrons-en-contact\/#breadcrumb"},"inLanguage":"fr-FR","potentialAction":[{"@type":"ReadAction","target":["https:\/\/www.lebiseaufute.be\/index.php\/entrons-en-contact\/"]}]},{"@type":"BreadcrumbList","@id":"https:\/\/www.lebiseaufute.be\/index.php\/entrons-en-contact\/#breadcrumb","itemListElement":[{"@type":"ListItem","position":1,"name":"Accueil","item":"https:\/\/www.lebiseaufute.be\/"},{"@type":"ListItem","position":2,"name":"Contact"}]}]}},"_links":{"self":[{"href":"https:\/\/www.lebiseaufute.be\/index.php\/wp-json\/wp\/v2\/pages\/46"}],"collection":[{"href":"https:\/\/www.lebiseaufute.be\/index.php\/wp-json\/wp\/v2\/pages"}],"about":[{"href":"https:\/\/www.lebiseaufute.be\/index.php\/wp-json\/wp\/v2\/types\/page"}],"author":[{"embeddable":true,"href":"https:\/\/www.lebiseaufute.be\/index.php\/wp-json\/wp\/v2\/users\/1"}],"replies":[{"embeddable":true,"href":"https:\/\/www.lebiseaufute.be\/index.php\/wp-json\/wp\/v2\/comments?post=46"}],"version-history":[{"count":11,"href":"https:\/\/www.lebiseaufute.be\/index.php\/wp-json\/wp\/v2\/pages\/46\/revisions"}],"predecessor-version":[{"id":566,"href":"https:\/\/www.lebiseaufute.be\/index.php\/wp-json\/wp\/v2\/pages\/46\/revisions\/566"}],"wp:attachment":[{"href":"https:\/\/www.lebiseaufute.be\/index.php\/wp-json\/wp\/v2\/media?parent=46"}],"curies":[{"name":"wp","href":"https:\/\/api.w.org\/{rel}","templated":true}]}}