{"id":56,"date":"2020-06-10T10:34:08","date_gmt":"2020-06-10T08:34:08","guid":{"rendered":"http:\/\/www.lebiseaufute.be\/?page_id=56"},"modified":"2020-07-23T20:28:14","modified_gmt":"2020-07-23T18:28:14","slug":"cartonnage","status":"publish","type":"page","link":"https:\/\/www.lebiseaufute.be\/index.php\/cartonnage\/","title":{"rendered":"Cartonnage"},"content":{"rendered":"\n<div class=\"wp-block-cover alignfull\" style=\"background-image:url(https:\/\/www.lebiseaufute.be\/wp-content\/uploads\/2020\/06\/Cartonnage-1024x680.jpg)\"><\/div>\n\n\n\n<p style=\"text-align:center\">\n\nCartonner au royaume de l&rsquo;inventivit\u00e9&nbsp;<br>Comment cr\u00e9er \u00e0 partir d&rsquo;une banale feuille de carton une infinit\u00e9 d&rsquo;objets du plus simple au plus original.<br>Jeu de mati\u00e8res, de couleurs, de volumes ou de lignes,&nbsp;<br>donner libre cours \u00e0 votre fantaisie et orner votre cr\u00e9ation de tissus ou papiers somptueux qui vous feront voyager \u00e0 travers le temps, l&rsquo;espace ou l&rsquo;imagination.<br>Cet objet unique vous ravira ou comblera vos proches.\n\n<\/p>\n\n\n\n<p style=\"text-align:center\"> Vous souhaitez plus d&rsquo;informations? <strong><a href=\"\/index.php\/entrons-en-contact\/\">Entrons en contact<\/a><\/strong> \ud83d\ude42 <\/p>\n","protected":false},"excerpt":{"rendered":"<p>Cartonner au royaume de l&rsquo;inventivit\u00e9&nbsp;Comment cr\u00e9er \u00e0 partir d&rsquo;une banale feuille de carton une infinit\u00e9 d&rsquo;objets du plus simple au plus original.Jeu de mati\u00e8res, de couleurs, de volumes ou de lignes,&nbsp;donner libre cours \u00e0 votre fantaisie et orner votre cr\u00e9ation de tissus ou papiers somptueux qui vous feront voyager \u00e0 travers le temps, l&rsquo;espace ou<a class=\"more-link\" href=\"https:\/\/www.lebiseaufute.be\/index.php\/cartonnage\/\">Poursuivre la lecture de <span class=\"screen-reader-text\">\u00ab\u00a0Cartonnage\u00a0\u00bb<\/span><\/a><\/p>\n","protected":false},"author":1,"featured_media":0,"parent":0,"menu_order":0,"comment_status":"closed","ping_status":"closed","template":"","meta":{"ngg_post_thumbnail":0},"yoast_head":"<!-- This site is optimized with the Yoast SEO plugin v19.1 - https:\/\/yoast.com\/wordpress\/plugins\/seo\/ -->\n<title>Cartonnage - Le biseau Fut\u00e9<\/title>\n<meta name=\"robots\" content=\"index, follow, max-snippet:-1, max-image-preview:large, max-video-preview:-1\" \/>\n<link rel=\"canonical\" href=\"https:\/\/www.lebiseaufute.be\/index.php\/cartonnage\/\" \/>\n<meta property=\"og:locale\" content=\"fr_FR\" \/>\n<meta property=\"og:type\" content=\"article\" \/>\n<meta property=\"og:title\" content=\"Cartonnage - Le biseau Fut\u00e9\" \/>\n<meta property=\"og:description\" content=\"Cartonner au royaume de l&rsquo;inventivit\u00e9&nbsp;Comment cr\u00e9er \u00e0 partir d&rsquo;une banale feuille de carton une infinit\u00e9 d&rsquo;objets du plus simple au plus original.Jeu de mati\u00e8res, de couleurs, de volumes ou de lignes,&nbsp;donner libre cours \u00e0 votre fantaisie et orner votre cr\u00e9ation de tissus ou papiers somptueux qui vous feront voyager \u00e0 travers le temps, l&rsquo;espace ouPoursuivre la lecture de &quot;Cartonnage&quot;\" \/>\n<meta property=\"og:url\" content=\"https:\/\/www.lebiseaufute.be\/index.php\/cartonnage\/\" \/>\n<meta property=\"og:site_name\" content=\"Le biseau Fut\u00e9\" \/>\n<meta property=\"article:modified_time\" content=\"2020-07-23T18:28:14+00:00\" \/>\n<meta name=\"twitter:card\" content=\"summary_large_image\" \/>\n<script type=\"application\/ld+json\" class=\"yoast-schema-graph\">{\"@context\":\"https:\/\/schema.org\",\"@graph\":[{\"@type\":\"Organization\",\"@id\":\"https:\/\/www.lebiseaufute.be\/#organization\",\"name\":\"Le Biseau Fut\u00e9\",\"url\":\"https:\/\/www.lebiseaufute.be\/\",\"sameAs\":[],\"logo\":{\"@type\":\"ImageObject\",\"inLanguage\":\"fr-FR\",\"@id\":\"https:\/\/www.lebiseaufute.be\/#\/schema\/logo\/image\/\",\"url\":\"https:\/\/www.lebiseaufute.be\/wp-content\/uploads\/2022\/06\/cropped-logo-Le-Biseau-Fute\u0301.png\",\"contentUrl\":\"https:\/\/www.lebiseaufute.be\/wp-content\/uploads\/2022\/06\/cropped-logo-Le-Biseau-Fute\u0301.png\",\"width\":512,\"height\":512,\"caption\":\"Le Biseau Fut\u00e9\"},\"image\":{\"@id\":\"https:\/\/www.lebiseaufute.be\/#\/schema\/logo\/image\/\"}},{\"@type\":\"WebSite\",\"@id\":\"https:\/\/www.lebiseaufute.be\/#website\",\"url\":\"https:\/\/www.lebiseaufute.be\/\",\"name\":\"Le biseau Fut\u00e9\",\"description\":\"Atelier d&#039;encadrement\",\"publisher\":{\"@id\":\"https:\/\/www.lebiseaufute.be\/#organization\"},\"potentialAction\":[{\"@type\":\"SearchAction\",\"target\":{\"@type\":\"EntryPoint\",\"urlTemplate\":\"https:\/\/www.lebiseaufute.be\/?s={search_term_string}\"},\"query-input\":\"required name=search_term_string\"}],\"inLanguage\":\"fr-FR\"},{\"@type\":\"WebPage\",\"@id\":\"https:\/\/www.lebiseaufute.be\/index.php\/cartonnage\/#webpage\",\"url\":\"https:\/\/www.lebiseaufute.be\/index.php\/cartonnage\/\",\"name\":\"Cartonnage - Le biseau Fut\u00e9\",\"isPartOf\":{\"@id\":\"https:\/\/www.lebiseaufute.be\/#website\"},\"datePublished\":\"2020-06-10T08:34:08+00:00\",\"dateModified\":\"2020-07-23T18:28:14+00:00\",\"breadcrumb\":{\"@id\":\"https:\/\/www.lebiseaufute.be\/index.php\/cartonnage\/#breadcrumb\"},\"inLanguage\":\"fr-FR\",\"potentialAction\":[{\"@type\":\"ReadAction\",\"target\":[\"https:\/\/www.lebiseaufute.be\/index.php\/cartonnage\/\"]}]},{\"@type\":\"BreadcrumbList\",\"@id\":\"https:\/\/www.lebiseaufute.be\/index.php\/cartonnage\/#breadcrumb\",\"itemListElement\":[{\"@type\":\"ListItem\",\"position\":1,\"name\":\"Accueil\",\"item\":\"https:\/\/www.lebiseaufute.be\/\"},{\"@type\":\"ListItem\",\"position\":2,\"name\":\"Cartonnage\"}]}]}<\/script>\n<!-- \/ Yoast SEO plugin. -->","yoast_head_json":{"title":"Cartonnage - Le biseau Fut\u00e9","robots":{"index":"index","follow":"follow","max-snippet":"max-snippet:-1","max-image-preview":"max-image-preview:large","max-video-preview":"max-video-preview:-1"},"canonical":"https:\/\/www.lebiseaufute.be\/index.php\/cartonnage\/","og_locale":"fr_FR","og_type":"article","og_title":"Cartonnage - Le biseau Fut\u00e9","og_description":"Cartonner au royaume de l&rsquo;inventivit\u00e9&nbsp;Comment cr\u00e9er \u00e0 partir d&rsquo;une banale feuille de carton une infinit\u00e9 d&rsquo;objets du plus simple au plus original.Jeu de mati\u00e8res, de couleurs, de volumes ou de lignes,&nbsp;donner libre cours \u00e0 votre fantaisie et orner votre cr\u00e9ation de tissus ou papiers somptueux qui vous feront voyager \u00e0 travers le temps, l&rsquo;espace ouPoursuivre la lecture de \"Cartonnage\"","og_url":"https:\/\/www.lebiseaufute.be\/index.php\/cartonnage\/","og_site_name":"Le biseau Fut\u00e9","article_modified_time":"2020-07-23T18:28:14+00:00","twitter_card":"summary_large_image","schema":{"@context":"https:\/\/schema.org","@graph":[{"@type":"Organization","@id":"https:\/\/www.lebiseaufute.be\/#organization","name":"Le Biseau Fut\u00e9","url":"https:\/\/www.lebiseaufute.be\/","sameAs":[],"logo":{"@type":"ImageObject","inLanguage":"fr-FR","@id":"https:\/\/www.lebiseaufute.be\/#\/schema\/logo\/image\/","url":"https:\/\/www.lebiseaufute.be\/wp-content\/uploads\/2022\/06\/cropped-logo-Le-Biseau-Fute\u0301.png","contentUrl":"https:\/\/www.lebiseaufute.be\/wp-content\/uploads\/2022\/06\/cropped-logo-Le-Biseau-Fute\u0301.png","width":512,"height":512,"caption":"Le Biseau Fut\u00e9"},"image":{"@id":"https:\/\/www.lebiseaufute.be\/#\/schema\/logo\/image\/"}},{"@type":"WebSite","@id":"https:\/\/www.lebiseaufute.be\/#website","url":"https:\/\/www.lebiseaufute.be\/","name":"Le biseau Fut\u00e9","description":"Atelier d&#039;encadrement","publisher":{"@id":"https:\/\/www.lebiseaufute.be\/#organization"},"potentialAction":[{"@type":"SearchAction","target":{"@type":"EntryPoint","urlTemplate":"https:\/\/www.lebiseaufute.be\/?s={search_term_string}"},"query-input":"required name=search_term_string"}],"inLanguage":"fr-FR"},{"@type":"WebPage","@id":"https:\/\/www.lebiseaufute.be\/index.php\/cartonnage\/#webpage","url":"https:\/\/www.lebiseaufute.be\/index.php\/cartonnage\/","name":"Cartonnage - Le biseau Fut\u00e9","isPartOf":{"@id":"https:\/\/www.lebiseaufute.be\/#website"},"datePublished":"2020-06-10T08:34:08+00:00","dateModified":"2020-07-23T18:28:14+00:00","breadcrumb":{"@id":"https:\/\/www.lebiseaufute.be\/index.php\/cartonnage\/#breadcrumb"},"inLanguage":"fr-FR","potentialAction":[{"@type":"ReadAction","target":["https:\/\/www.lebiseaufute.be\/index.php\/cartonnage\/"]}]},{"@type":"BreadcrumbList","@id":"https:\/\/www.lebiseaufute.be\/index.php\/cartonnage\/#breadcrumb","itemListElement":[{"@type":"ListItem","position":1,"name":"Accueil","item":"https:\/\/www.lebiseaufute.be\/"},{"@type":"ListItem","position":2,"name":"Cartonnage"}]}]}},"_links":{"self":[{"href":"https:\/\/www.lebiseaufute.be\/index.php\/wp-json\/wp\/v2\/pages\/56"}],"collection":[{"href":"https:\/\/www.lebiseaufute.be\/index.php\/wp-json\/wp\/v2\/pages"}],"about":[{"href":"https:\/\/www.lebiseaufute.be\/index.php\/wp-json\/wp\/v2\/types\/page"}],"author":[{"embeddable":true,"href":"https:\/\/www.lebiseaufute.be\/index.php\/wp-json\/wp\/v2\/users\/1"}],"replies":[{"embeddable":true,"href":"https:\/\/www.lebiseaufute.be\/index.php\/wp-json\/wp\/v2\/comments?post=56"}],"version-history":[{"count":6,"href":"https:\/\/www.lebiseaufute.be\/index.php\/wp-json\/wp\/v2\/pages\/56\/revisions"}],"predecessor-version":[{"id":464,"href":"https:\/\/www.lebiseaufute.be\/index.php\/wp-json\/wp\/v2\/pages\/56\/revisions\/464"}],"wp:attachment":[{"href":"https:\/\/www.lebiseaufute.be\/index.php\/wp-json\/wp\/v2\/media?parent=56"}],"curies":[{"name":"wp","href":"https:\/\/api.w.org\/{rel}","templated":true}]}}